

{"id":2703,"date":"2024-05-29T09:55:13","date_gmt":"2024-05-29T09:55:13","guid":{"rendered":"https:\/\/dev.medincusactive.pl\/index.php\/business-zone\/"},"modified":"2024-08-12T07:11:50","modified_gmt":"2024-08-12T07:11:50","slug":"business-zone","status":"publish","type":"page","link":"https:\/\/medincusactive.pl\/en\/business-zone\/","title":{"rendered":"Partners zone"},"content":{"rendered":"\t\t<div data-elementor-type=\"wp-page\" data-elementor-id=\"2703\" class=\"elementor elementor-2703 elementor-214\">\n\t\t\t\t<div class=\"elementor-element elementor-element-5c7de88f e-flex e-con-boxed e-con e-parent\" data-id=\"5c7de88f\" data-element_type=\"container\">\n\t\t\t\t\t<div class=\"e-con-inner\">\n\t\t<div class=\"elementor-element elementor-element-0c2045c e-con-full e-flex e-con e-child\" data-id=\"0c2045c\" data-element_type=\"container\">\n\t\t\t\t<div class=\"elementor-element elementor-element-3282ff54 elementor-widget__width-initial animated-fast elementor-widget-tablet__width-initial elementor-widget-mobile__width-initial elementor-invisible elementor-widget elementor-widget-heading\" data-id=\"3282ff54\" data-element_type=\"widget\" data-settings=\"{&quot;_animation&quot;:&quot;slideInLeft&quot;}\" data-widget_type=\"heading.default\">\n\t\t\t\t<div class=\"elementor-widget-container\">\n\t\t\t<style>\/*! elementor - v3.23.0 - 05-08-2024 *\/\n.elementor-heading-title{padding:0;margin:0;line-height:1}.elementor-widget-heading .elementor-heading-title[class*=elementor-size-]>a{color:inherit;font-size:inherit;line-height:inherit}.elementor-widget-heading .elementor-heading-title.elementor-size-small{font-size:15px}.elementor-widget-heading .elementor-heading-title.elementor-size-medium{font-size:19px}.elementor-widget-heading .elementor-heading-title.elementor-size-large{font-size:29px}.elementor-widget-heading .elementor-heading-title.elementor-size-xl{font-size:39px}.elementor-widget-heading .elementor-heading-title.elementor-size-xxl{font-size:59px}<\/style><h1 class=\"elementor-heading-title elementor-size-default\">PARTNERS ZONE<\/h1>\t\t<\/div>\n\t\t\t\t<\/div>\n\t\t\t\t<\/div>\n\t\t\t\t<div class=\"elementor-element elementor-element-77a30b59 elementor-widget-divider--view-line elementor-widget elementor-widget-divider\" data-id=\"77a30b59\" data-element_type=\"widget\" data-widget_type=\"divider.default\">\n\t\t\t\t<div class=\"elementor-widget-container\">\n\t\t\t<style>\/*! elementor - v3.23.0 - 05-08-2024 *\/\n.elementor-widget-divider{--divider-border-style:none;--divider-border-width:1px;--divider-color:#0c0d0e;--divider-icon-size:20px;--divider-element-spacing:10px;--divider-pattern-height:24px;--divider-pattern-size:20px;--divider-pattern-url:none;--divider-pattern-repeat:repeat-x}.elementor-widget-divider .elementor-divider{display:flex}.elementor-widget-divider .elementor-divider__text{font-size:15px;line-height:1;max-width:95%}.elementor-widget-divider .elementor-divider__element{margin:0 var(--divider-element-spacing);flex-shrink:0}.elementor-widget-divider .elementor-icon{font-size:var(--divider-icon-size)}.elementor-widget-divider .elementor-divider-separator{display:flex;margin:0;direction:ltr}.elementor-widget-divider--view-line_icon .elementor-divider-separator,.elementor-widget-divider--view-line_text .elementor-divider-separator{align-items:center}.elementor-widget-divider--view-line_icon .elementor-divider-separator:after,.elementor-widget-divider--view-line_icon .elementor-divider-separator:before,.elementor-widget-divider--view-line_text .elementor-divider-separator:after,.elementor-widget-divider--view-line_text .elementor-divider-separator:before{display:block;content:\"\";border-block-end:0;flex-grow:1;border-block-start:var(--divider-border-width) var(--divider-border-style) var(--divider-color)}.elementor-widget-divider--element-align-left .elementor-divider .elementor-divider-separator>.elementor-divider__svg:first-of-type{flex-grow:0;flex-shrink:100}.elementor-widget-divider--element-align-left .elementor-divider-separator:before{content:none}.elementor-widget-divider--element-align-left .elementor-divider__element{margin-left:0}.elementor-widget-divider--element-align-right .elementor-divider .elementor-divider-separator>.elementor-divider__svg:last-of-type{flex-grow:0;flex-shrink:100}.elementor-widget-divider--element-align-right .elementor-divider-separator:after{content:none}.elementor-widget-divider--element-align-right .elementor-divider__element{margin-right:0}.elementor-widget-divider--element-align-start .elementor-divider .elementor-divider-separator>.elementor-divider__svg:first-of-type{flex-grow:0;flex-shrink:100}.elementor-widget-divider--element-align-start .elementor-divider-separator:before{content:none}.elementor-widget-divider--element-align-start .elementor-divider__element{margin-inline-start:0}.elementor-widget-divider--element-align-end .elementor-divider .elementor-divider-separator>.elementor-divider__svg:last-of-type{flex-grow:0;flex-shrink:100}.elementor-widget-divider--element-align-end .elementor-divider-separator:after{content:none}.elementor-widget-divider--element-align-end .elementor-divider__element{margin-inline-end:0}.elementor-widget-divider:not(.elementor-widget-divider--view-line_text):not(.elementor-widget-divider--view-line_icon) .elementor-divider-separator{border-block-start:var(--divider-border-width) var(--divider-border-style) var(--divider-color)}.elementor-widget-divider--separator-type-pattern{--divider-border-style:none}.elementor-widget-divider--separator-type-pattern.elementor-widget-divider--view-line .elementor-divider-separator,.elementor-widget-divider--separator-type-pattern:not(.elementor-widget-divider--view-line) .elementor-divider-separator:after,.elementor-widget-divider--separator-type-pattern:not(.elementor-widget-divider--view-line) .elementor-divider-separator:before,.elementor-widget-divider--separator-type-pattern:not([class*=elementor-widget-divider--view]) .elementor-divider-separator{width:100%;min-height:var(--divider-pattern-height);-webkit-mask-size:var(--divider-pattern-size) 100%;mask-size:var(--divider-pattern-size) 100%;-webkit-mask-repeat:var(--divider-pattern-repeat);mask-repeat:var(--divider-pattern-repeat);background-color:var(--divider-color);-webkit-mask-image:var(--divider-pattern-url);mask-image:var(--divider-pattern-url)}.elementor-widget-divider--no-spacing{--divider-pattern-size:auto}.elementor-widget-divider--bg-round{--divider-pattern-repeat:round}.rtl .elementor-widget-divider .elementor-divider__text{direction:rtl}.e-con-inner>.elementor-widget-divider,.e-con>.elementor-widget-divider{width:var(--container-widget-width,100%);--flex-grow:var(--container-widget-flex-grow)}<\/style>\t\t<div class=\"elementor-divider\">\n\t\t\t<span class=\"elementor-divider-separator\">\n\t\t\t\t\t\t<\/span>\n\t\t<\/div>\n\t\t\t\t<\/div>\n\t\t\t\t<\/div>\n\t\t\t\t<div class=\"elementor-element elementor-element-7eae8be6 elementor-widget__width-initial elementor-widget-divider--view-line elementor-widget elementor-widget-divider\" data-id=\"7eae8be6\" data-element_type=\"widget\" data-widget_type=\"divider.default\">\n\t\t\t\t<div class=\"elementor-widget-container\">\n\t\t\t\t\t<div class=\"elementor-divider\">\n\t\t\t<span class=\"elementor-divider-separator\">\n\t\t\t\t\t\t<\/span>\n\t\t<\/div>\n\t\t\t\t<\/div>\n\t\t\t\t<\/div>\n\t\t\t\t\t<\/div>\n\t\t\t\t<\/div>\n\t\t<div class=\"elementor-element elementor-element-40f8e006 e-flex e-con-boxed e-con e-parent\" data-id=\"40f8e006\" data-element_type=\"container\">\n\t\t\t\t\t<div class=\"e-con-inner\">\n\t\t\t\t<div class=\"elementor-element elementor-element-18ecf625 elementor-widget elementor-widget-ucaddon_post_blocks\" data-id=\"18ecf625\" data-element_type=\"widget\" data-widget_type=\"ucaddon_post_blocks.default\">\n\t\t\t\t<div class=\"elementor-widget-container\">\n\t\t\t\n<!-- start Post Blocks -->\n\t\t<link id='font-awesome-css' href='https:\/\/medincusactive.pl\/wp-content\/plugins\/unlimited-elements-for-elementor\/assets_libraries\/font-awesome6\/fontawesome-all.min.css' type='text\/css' rel='stylesheet' >\n\t\t<link id='font-awesome-4-shim-css' href='https:\/\/medincusactive.pl\/wp-content\/plugins\/unlimited-elements-for-elementor\/assets_libraries\/font-awesome6\/fontawesome-v4-shims.min.css' type='text\/css' rel='stylesheet' >\n\n<style>\/* widget: Post Blocks *\/\n\n\r\n@keyframes uc_post_blocks_elementor_18ecf625__item-animation {\r\n  0% {\r\n            transform:scale(0.9);\r\n        \t        \tfilter: blur(4px);\r\n\t\t\t\r\n    \t    opacity: 0;\r\n  }\r\n  100% {\r\n            transform:scale(1);\r\n        \t            filter: blur(0px);\r\n            \r\n    \t\topacity: 1;\r\n  }\r\n}\r\n\r\n\r\n#uc_post_blocks_elementor_18ecf625 .ue_post_blocks_box{\r\n\topacity:0;\r\n}\r\n\r\n\r\n#uc_post_blocks_elementor_18ecf625 .uc-entrance-animate {\r\n  opacity:1;\r\n}\r\n\r\n#uc_post_blocks_elementor_18ecf625 .uc-entrance-animate {\r\n\tanimation: uc_post_blocks_elementor_18ecf625__item-animation 0.4s cubic-bezier(0.470, 0.000, 0.745, 0.715) both;\r\n}\r\n\r\n\t\t\t\n\n#uc_post_blocks_elementor_18ecf625 {\n    display:grid;\n}\n#uc_post_blocks_elementor_18ecf625 .ue_post_blocks_box\n{\n  overflow:hidden;\n}\n\n#uc_post_blocks_elementor_18ecf625 .ue_post_blocks_image\n{\n  overflow:hidden;\n}\n#uc_post_blocks_elementor_18ecf625 .ue_post_blocks_image img\n{\n  width:100%;\n  display:block;\n}\n#uc_post_blocks_elementor_18ecf625 .ue_post_blocks_link a\n{\n  display:inline-block;\n  text-decoration:none;\n  text-align:center;\n}\n\n\n#uc_post_blocks_elementor_18ecf625 .ue-grid-item-meta-data\n{\n  display:inlin-flex;\n  flex-wrap: wrap;\n}\n\n.ue-grid-item-meta-data\n{\n  font-size:12px;\n}\n\n#uc_post_blocks_elementor_18ecf625 .ue-grid-item-meta-data-icon\n{\n  line-height:1em;\n}\n\n#uc_post_blocks_elementor_18ecf625 .ue-grid-item-meta-data-icon svg\n{\n  width:1em;\n  height:1em;\n}\n\n#uc_post_blocks_elementor_18ecf625 .ue_post_blocks_box{\n  display: flex;\n  flex-direction: column;\n}\n#uc_post_blocks_elementor_18ecf625 .ue_post_blocks_content{\n display: flex; flex-grow: 1;\n flex-direction: column;\n}\n#uc_post_blocks_elementor_18ecf625 .ue_post_blocks_link{ margin-top: auto;\n}\n\n.ue-grid-item-category a\n{\n  display:inline-block;\n  font-size:10px;\n  text-transform:uppercase;\n}\n\n\n\n\n<\/style>\n\n<div id=\"uc_post_blocks_elementor_18ecf625\" class=\"ue_post_blocks uc-items-wrapper \" >\n    <div class=\"ue_post_blocks_box\">\n    <div class=\"ue_post_blocks_image\">\n    <a href=\"https:\/\/medincusactive.pl\/en\/strefy\/restaurant-pod-slimakiem\/\" style=\"display:block;\"><img decoding=\"async\" src=\"https:\/\/medincusactive.pl\/wp-content\/uploads\/2024\/08\/Frame-3444.jpg\"  src=\"https:\/\/medincusactive.pl\/wp-content\/uploads\/2024\/08\/Frame-3444.jpg\" alt=\"Frame 3444\" width=\"840\" height=\"560\"><\/a>\n  <\/div>\n    <div class=\"ue_post_blocks_content\">\n      \n     \n         \n    <div class=\"ue_post_blocks_title\"><a href=\"https:\/\/medincusactive.pl\/en\/strefy\/restaurant-pod-slimakiem\/\">Restaurant \"pod \u015alimakiem\"<\/a><\/div>    \n        \n    \n        \t<div class=\"ue_post_blocks_link\">\n          <a class=\" \" href='https:\/\/medincusactive.pl\/en\/strefy\/restaurant-pod-slimakiem\/'>MORE<\/a>\n    \t<\/div>\n      <\/div>\n<\/div>\n<div class=\"ue_post_blocks_box\">\n    <div class=\"ue_post_blocks_image\">\n    <a href=\"https:\/\/medincusactive.pl\/en\/strefy\/hotel-park-kajetany\/\" style=\"display:block;\"><img loading=\"lazy\" decoding=\"async\" src=\"https:\/\/medincusactive.pl\/wp-content\/uploads\/2024\/08\/Slice-4.png\"  src=\"https:\/\/medincusactive.pl\/wp-content\/uploads\/2024\/08\/Slice-4.png\" alt=\"Slice 4\" width=\"730\" height=\"570\"><\/a>\n  <\/div>\n    <div class=\"ue_post_blocks_content\">\n      \n     \n         \n    <div class=\"ue_post_blocks_title\"><a href=\"https:\/\/medincusactive.pl\/en\/strefy\/hotel-park-kajetany\/\">Hotel Park Kajetany<\/a><\/div>    \n        \n    \n        \t<div class=\"ue_post_blocks_link\">\n          <a class=\" \" href='https:\/\/medincusactive.pl\/en\/strefy\/hotel-park-kajetany\/'>MORE<\/a>\n    \t<\/div>\n      <\/div>\n<\/div>\n<div class=\"ue_post_blocks_box\">\n    <div class=\"ue_post_blocks_image\">\n    <a href=\"https:\/\/medincusactive.pl\/en\/strefy\/willa-home\/\" style=\"display:block;\"><img loading=\"lazy\" decoding=\"async\" src=\"https:\/\/medincusactive.pl\/wp-content\/uploads\/2024\/08\/Frame-3448.jpg\"  src=\"https:\/\/medincusactive.pl\/wp-content\/uploads\/2024\/08\/Frame-3448.jpg\" alt=\"Frame 3448\" width=\"840\" height=\"560\"><\/a>\n  <\/div>\n    <div class=\"ue_post_blocks_content\">\n      \n     \n         \n    <div class=\"ue_post_blocks_title\"><a href=\"https:\/\/medincusactive.pl\/en\/strefy\/willa-home\/\">Willa Home<\/a><\/div>    \n        \n    \n        \t<div class=\"ue_post_blocks_link\">\n          <a class=\" \" href='https:\/\/medincusactive.pl\/en\/strefy\/willa-home\/'>MORE<\/a>\n    \t<\/div>\n      <\/div>\n<\/div>\n\n<\/div>\n<!-- end Post Blocks -->\t\t<\/div>\n\t\t\t\t<\/div>\n\t\t\t\t<div class=\"elementor-element elementor-element-4958cc2 elementor-widget elementor-widget-spacer\" data-id=\"4958cc2\" data-element_type=\"widget\" data-widget_type=\"spacer.default\">\n\t\t\t\t<div class=\"elementor-widget-container\">\n\t\t\t<style>\/*! elementor - v3.23.0 - 05-08-2024 *\/\n.elementor-column .elementor-spacer-inner{height:var(--spacer-size)}.e-con{--container-widget-width:100%}.e-con-inner>.elementor-widget-spacer,.e-con>.elementor-widget-spacer{width:var(--container-widget-width,var(--spacer-size));--align-self:var(--container-widget-align-self,initial);--flex-shrink:0}.e-con-inner>.elementor-widget-spacer>.elementor-widget-container,.e-con>.elementor-widget-spacer>.elementor-widget-container{height:100%;width:100%}.e-con-inner>.elementor-widget-spacer>.elementor-widget-container>.elementor-spacer,.e-con>.elementor-widget-spacer>.elementor-widget-container>.elementor-spacer{height:100%}.e-con-inner>.elementor-widget-spacer>.elementor-widget-container>.elementor-spacer>.elementor-spacer-inner,.e-con>.elementor-widget-spacer>.elementor-widget-container>.elementor-spacer>.elementor-spacer-inner{height:var(--container-widget-height,var(--spacer-size))}.e-con-inner>.elementor-widget-spacer.elementor-widget-empty,.e-con>.elementor-widget-spacer.elementor-widget-empty{position:relative;min-height:22px;min-width:22px}.e-con-inner>.elementor-widget-spacer.elementor-widget-empty .elementor-widget-empty-icon,.e-con>.elementor-widget-spacer.elementor-widget-empty .elementor-widget-empty-icon{position:absolute;top:0;bottom:0;left:0;right:0;margin:auto;padding:0;width:22px;height:22px}<\/style>\t\t<div class=\"elementor-spacer\">\n\t\t\t<div class=\"elementor-spacer-inner\"><\/div>\n\t\t<\/div>\n\t\t\t\t<\/div>\n\t\t\t\t<\/div>\n\t\t\t\t\t<\/div>\n\t\t\t\t<\/div>\n\t\t\t\t<\/div>\n\t\t","protected":false},"excerpt":{"rendered":"<p>PARTNERS ZONE Restauracja pod \u015alimakiem MORE Hotel Park Kajetany MORE Willa Home MORE<\/p>\n","protected":false},"author":1,"featured_media":6212,"parent":0,"menu_order":0,"comment_status":"closed","ping_status":"closed","template":"elementor_theme","meta":{"_acf_changed":false,"_vp_format_video_url":"","_vp_image_focal_point":[],"footnotes":""},"class_list":["post-2703","page","type-page","status-publish","has-post-thumbnail","hentry"],"acf":[],"yoast_head":"<!-- This site is optimized with the Yoast SEO plugin v23.2 - https:\/\/yoast.com\/wordpress\/plugins\/seo\/ -->\n<title>Partners zone - Medincus Active<\/title>\n<meta name=\"robots\" content=\"index, follow, max-snippet:-1, max-image-preview:large, max-video-preview:-1\" \/>\n<link rel=\"canonical\" href=\"https:\/\/medincusactive.pl\/en\/business-zone\/\" \/>\n<meta property=\"og:locale\" content=\"en_US\" \/>\n<meta property=\"og:type\" content=\"article\" \/>\n<meta property=\"og:title\" content=\"Partners zone - Medincus Active\" \/>\n<meta property=\"og:description\" content=\"PARTNERS ZONE Restauracja pod \u015alimakiem MORE Hotel Park Kajetany MORE Willa Home MORE\" \/>\n<meta property=\"og:url\" content=\"https:\/\/medincusactive.pl\/en\/business-zone\/\" \/>\n<meta property=\"og:site_name\" content=\"Medincus Active\" \/>\n<meta property=\"article:modified_time\" content=\"2024-08-12T07:11:50+00:00\" \/>\n<meta property=\"og:image\" content=\"https:\/\/medincusactive.pl\/wp-content\/uploads\/2024\/07\/strefa-biznesu.jpg\" \/>\n\t<meta property=\"og:image:width\" content=\"1146\" \/>\n\t<meta property=\"og:image:height\" content=\"762\" \/>\n\t<meta property=\"og:image:type\" content=\"image\/jpeg\" \/>\n<meta name=\"twitter:card\" content=\"summary_large_image\" \/>\n<meta name=\"twitter:label1\" content=\"Est. reading time\" \/>\n\t<meta name=\"twitter:data1\" content=\"1 minute\" \/>\n<script type=\"application\/ld+json\" class=\"yoast-schema-graph\">{\"@context\":\"https:\/\/schema.org\",\"@graph\":[{\"@type\":\"WebPage\",\"@id\":\"https:\/\/medincusactive.pl\/en\/business-zone\/\",\"url\":\"https:\/\/medincusactive.pl\/en\/business-zone\/\",\"name\":\"Partners zone - Medincus Active\",\"isPartOf\":{\"@id\":\"https:\/\/medincusactive.pl\/en\/#website\"},\"primaryImageOfPage\":{\"@id\":\"https:\/\/medincusactive.pl\/en\/business-zone\/#primaryimage\"},\"image\":{\"@id\":\"https:\/\/medincusactive.pl\/en\/business-zone\/#primaryimage\"},\"thumbnailUrl\":\"https:\/\/medincusactive.pl\/wp-content\/uploads\/2024\/07\/strefa-biznesu.jpg\",\"datePublished\":\"2024-05-29T09:55:13+00:00\",\"dateModified\":\"2024-08-12T07:11:50+00:00\",\"breadcrumb\":{\"@id\":\"https:\/\/medincusactive.pl\/en\/business-zone\/#breadcrumb\"},\"inLanguage\":\"en-US\",\"potentialAction\":[{\"@type\":\"ReadAction\",\"target\":[\"https:\/\/medincusactive.pl\/en\/business-zone\/\"]}]},{\"@type\":\"ImageObject\",\"inLanguage\":\"en-US\",\"@id\":\"https:\/\/medincusactive.pl\/en\/business-zone\/#primaryimage\",\"url\":\"https:\/\/medincusactive.pl\/wp-content\/uploads\/2024\/07\/strefa-biznesu.jpg\",\"contentUrl\":\"https:\/\/medincusactive.pl\/wp-content\/uploads\/2024\/07\/strefa-biznesu.jpg\",\"width\":1146,\"height\":762},{\"@type\":\"BreadcrumbList\",\"@id\":\"https:\/\/medincusactive.pl\/en\/business-zone\/#breadcrumb\",\"itemListElement\":[{\"@type\":\"ListItem\",\"position\":1,\"name\":\"Strona g\u0142\u00f3wna\",\"item\":\"https:\/\/medincusactive.pl\/en\/\"},{\"@type\":\"ListItem\",\"position\":2,\"name\":\"Partners zone\"}]},{\"@type\":\"WebSite\",\"@id\":\"https:\/\/medincusactive.pl\/en\/#website\",\"url\":\"https:\/\/medincusactive.pl\/en\/\",\"name\":\"Medincus Active\",\"description\":\"Sp\u0119d\u017a z nami aktywnie sw\u00f3j czas\",\"publisher\":{\"@id\":\"https:\/\/medincusactive.pl\/en\/#organization\"},\"potentialAction\":[{\"@type\":\"SearchAction\",\"target\":{\"@type\":\"EntryPoint\",\"urlTemplate\":\"https:\/\/medincusactive.pl\/en\/?s={search_term_string}\"},\"query-input\":\"required name=search_term_string\"}],\"inLanguage\":\"en-US\"},{\"@type\":\"Organization\",\"@id\":\"https:\/\/medincusactive.pl\/en\/#organization\",\"name\":\"Medincus Active\",\"url\":\"https:\/\/medincusactive.pl\/en\/\",\"logo\":{\"@type\":\"ImageObject\",\"inLanguage\":\"en-US\",\"@id\":\"https:\/\/medincusactive.pl\/en\/#\/schema\/logo\/image\/\",\"url\":\"https:\/\/medincusactive.pl\/wp-content\/uploads\/2024\/05\/cropped-medincusactive.webp\",\"contentUrl\":\"https:\/\/medincusactive.pl\/wp-content\/uploads\/2024\/05\/cropped-medincusactive.webp\",\"width\":466,\"height\":133,\"caption\":\"Medincus Active\"},\"image\":{\"@id\":\"https:\/\/medincusactive.pl\/en\/#\/schema\/logo\/image\/\"}}]}<\/script>\n<!-- \/ Yoast SEO plugin. -->","yoast_head_json":{"title":"Partners zone - Medincus Active","robots":{"index":"index","follow":"follow","max-snippet":"max-snippet:-1","max-image-preview":"max-image-preview:large","max-video-preview":"max-video-preview:-1"},"canonical":"https:\/\/medincusactive.pl\/en\/business-zone\/","og_locale":"en_US","og_type":"article","og_title":"Partners zone - Medincus Active","og_description":"PARTNERS ZONE Restauracja pod \u015alimakiem MORE Hotel Park Kajetany MORE Willa Home MORE","og_url":"https:\/\/medincusactive.pl\/en\/business-zone\/","og_site_name":"Medincus Active","article_modified_time":"2024-08-12T07:11:50+00:00","og_image":[{"width":1146,"height":762,"url":"https:\/\/medincusactive.pl\/wp-content\/uploads\/2024\/07\/strefa-biznesu.jpg","type":"image\/jpeg"}],"twitter_card":"summary_large_image","twitter_misc":{"Est. reading time":"1 minute"},"schema":{"@context":"https:\/\/schema.org","@graph":[{"@type":"WebPage","@id":"https:\/\/medincusactive.pl\/en\/business-zone\/","url":"https:\/\/medincusactive.pl\/en\/business-zone\/","name":"Partners zone - Medincus Active","isPartOf":{"@id":"https:\/\/medincusactive.pl\/en\/#website"},"primaryImageOfPage":{"@id":"https:\/\/medincusactive.pl\/en\/business-zone\/#primaryimage"},"image":{"@id":"https:\/\/medincusactive.pl\/en\/business-zone\/#primaryimage"},"thumbnailUrl":"https:\/\/medincusactive.pl\/wp-content\/uploads\/2024\/07\/strefa-biznesu.jpg","datePublished":"2024-05-29T09:55:13+00:00","dateModified":"2024-08-12T07:11:50+00:00","breadcrumb":{"@id":"https:\/\/medincusactive.pl\/en\/business-zone\/#breadcrumb"},"inLanguage":"en-US","potentialAction":[{"@type":"ReadAction","target":["https:\/\/medincusactive.pl\/en\/business-zone\/"]}]},{"@type":"ImageObject","inLanguage":"en-US","@id":"https:\/\/medincusactive.pl\/en\/business-zone\/#primaryimage","url":"https:\/\/medincusactive.pl\/wp-content\/uploads\/2024\/07\/strefa-biznesu.jpg","contentUrl":"https:\/\/medincusactive.pl\/wp-content\/uploads\/2024\/07\/strefa-biznesu.jpg","width":1146,"height":762},{"@type":"BreadcrumbList","@id":"https:\/\/medincusactive.pl\/en\/business-zone\/#breadcrumb","itemListElement":[{"@type":"ListItem","position":1,"name":"Strona g\u0142\u00f3wna","item":"https:\/\/medincusactive.pl\/en\/"},{"@type":"ListItem","position":2,"name":"Partners zone"}]},{"@type":"WebSite","@id":"https:\/\/medincusactive.pl\/en\/#website","url":"https:\/\/medincusactive.pl\/en\/","name":"Medincus Active","description":"Sp\u0119d\u017a z nami aktywnie sw\u00f3j czas","publisher":{"@id":"https:\/\/medincusactive.pl\/en\/#organization"},"potentialAction":[{"@type":"SearchAction","target":{"@type":"EntryPoint","urlTemplate":"https:\/\/medincusactive.pl\/en\/?s={search_term_string}"},"query-input":"required name=search_term_string"}],"inLanguage":"en-US"},{"@type":"Organization","@id":"https:\/\/medincusactive.pl\/en\/#organization","name":"Medincus Active","url":"https:\/\/medincusactive.pl\/en\/","logo":{"@type":"ImageObject","inLanguage":"en-US","@id":"https:\/\/medincusactive.pl\/en\/#\/schema\/logo\/image\/","url":"https:\/\/medincusactive.pl\/wp-content\/uploads\/2024\/05\/cropped-medincusactive.webp","contentUrl":"https:\/\/medincusactive.pl\/wp-content\/uploads\/2024\/05\/cropped-medincusactive.webp","width":466,"height":133,"caption":"Medincus Active"},"image":{"@id":"https:\/\/medincusactive.pl\/en\/#\/schema\/logo\/image\/"}}]}},"_links":{"self":[{"href":"https:\/\/medincusactive.pl\/en\/wp-json\/wp\/v2\/pages\/2703"}],"collection":[{"href":"https:\/\/medincusactive.pl\/en\/wp-json\/wp\/v2\/pages"}],"about":[{"href":"https:\/\/medincusactive.pl\/en\/wp-json\/wp\/v2\/types\/page"}],"author":[{"embeddable":true,"href":"https:\/\/medincusactive.pl\/en\/wp-json\/wp\/v2\/users\/1"}],"replies":[{"embeddable":true,"href":"https:\/\/medincusactive.pl\/en\/wp-json\/wp\/v2\/comments?post=2703"}],"version-history":[{"count":12,"href":"https:\/\/medincusactive.pl\/en\/wp-json\/wp\/v2\/pages\/2703\/revisions"}],"predecessor-version":[{"id":8292,"href":"https:\/\/medincusactive.pl\/en\/wp-json\/wp\/v2\/pages\/2703\/revisions\/8292"}],"wp:featuredmedia":[{"embeddable":true,"href":"https:\/\/medincusactive.pl\/en\/wp-json\/wp\/v2\/media\/6212"}],"wp:attachment":[{"href":"https:\/\/medincusactive.pl\/en\/wp-json\/wp\/v2\/media?parent=2703"}],"curies":[{"name":"wp","href":"https:\/\/api.w.org\/{rel}","templated":true}]}}