

{"id":5933,"date":"2024-07-02T10:32:36","date_gmt":"2024-07-02T10:32:36","guid":{"rendered":"https:\/\/dev.medincusactive.pl\/404-2\/"},"modified":"2024-08-09T10:57:07","modified_gmt":"2024-08-09T10:57:07","slug":"not-found","status":"publish","type":"page","link":"https:\/\/medincusactive.pl\/en\/not-found\/","title":{"rendered":"404"},"content":{"rendered":"\t\t<div data-elementor-type=\"wp-page\" data-elementor-id=\"5933\" class=\"elementor elementor-5933 elementor-5931\">\n\t\t\t\t<div class=\"elementor-element elementor-element-0d43350 e-flex e-con-boxed e-con e-parent\" data-id=\"0d43350\" data-element_type=\"container\" data-settings=\"{&quot;background_background&quot;:&quot;classic&quot;}\">\n\t\t\t\t\t<div class=\"e-con-inner\">\n\t\t\t\t<div class=\"elementor-element elementor-element-e15e9b0 elementor-widget elementor-widget-heading\" data-id=\"e15e9b0\" data-element_type=\"widget\" data-widget_type=\"heading.default\">\n\t\t\t\t<div class=\"elementor-widget-container\">\n\t\t\t<style>\/*! elementor - v3.23.0 - 05-08-2024 *\/\n.elementor-heading-title{padding:0;margin:0;line-height:1}.elementor-widget-heading .elementor-heading-title[class*=elementor-size-]>a{color:inherit;font-size:inherit;line-height:inherit}.elementor-widget-heading .elementor-heading-title.elementor-size-small{font-size:15px}.elementor-widget-heading .elementor-heading-title.elementor-size-medium{font-size:19px}.elementor-widget-heading .elementor-heading-title.elementor-size-large{font-size:29px}.elementor-widget-heading .elementor-heading-title.elementor-size-xl{font-size:39px}.elementor-widget-heading .elementor-heading-title.elementor-size-xxl{font-size:59px}<\/style><h2 class=\"elementor-heading-title elementor-size-default\">404<\/h2>\t\t<\/div>\n\t\t\t\t<\/div>\n\t\t\t\t<div class=\"elementor-element elementor-element-6c98871 elementor-widget elementor-widget-heading\" data-id=\"6c98871\" data-element_type=\"widget\" data-widget_type=\"heading.default\">\n\t\t\t\t<div class=\"elementor-widget-container\">\n\t\t\t<h2 class=\"elementor-heading-title elementor-size-default\">NOT FOUND<\/h2>\t\t<\/div>\n\t\t\t\t<\/div>\n\t\t\t\t<div class=\"elementor-element elementor-element-1ab246e elementor-widget elementor-widget-button\" data-id=\"1ab246e\" data-element_type=\"widget\" data-widget_type=\"button.default\">\n\t\t\t\t<div class=\"elementor-widget-container\">\n\t\t\t\t\t<div class=\"elementor-button-wrapper\">\n\t\t\t<a class=\"elementor-button elementor-button-link elementor-size-sm\" href=\"https:\/\/medincusactive.pl\/en\/\">\n\t\t\t\t\t\t<span class=\"elementor-button-content-wrapper\">\n\t\t\t\t\t\t\t\t\t<span class=\"elementor-button-text\">HOME<\/span>\n\t\t\t\t\t<\/span>\n\t\t\t\t\t<\/a>\n\t\t<\/div>\n\t\t\t\t<\/div>\n\t\t\t\t<\/div>\n\t\t\t\t\t<\/div>\n\t\t\t\t<\/div>\n\t\t\t\t<\/div>\n\t\t","protected":false},"excerpt":{"rendered":"<p>404 NOT FOUND HOME<\/p>\n","protected":false},"author":1,"featured_media":0,"parent":0,"menu_order":0,"comment_status":"closed","ping_status":"closed","template":"","meta":{"_acf_changed":false,"_vp_format_video_url":"","_vp_image_focal_point":[],"footnotes":""},"class_list":["post-5933","page","type-page","status-publish","hentry"],"acf":[],"yoast_head":"<!-- This site is optimized with the Yoast SEO plugin v23.2 - https:\/\/yoast.com\/wordpress\/plugins\/seo\/ -->\n<title>404 - Medincus Active<\/title>\n<meta name=\"robots\" content=\"index, follow, max-snippet:-1, max-image-preview:large, max-video-preview:-1\" \/>\n<link rel=\"canonical\" href=\"https:\/\/medincusactive.pl\/en\/not-found\/\" \/>\n<meta property=\"og:locale\" content=\"en_US\" \/>\n<meta property=\"og:type\" content=\"article\" \/>\n<meta property=\"og:title\" content=\"404 - Medincus Active\" \/>\n<meta property=\"og:description\" content=\"404 NOT FOUND HOME\" \/>\n<meta property=\"og:url\" content=\"https:\/\/medincusactive.pl\/en\/not-found\/\" \/>\n<meta property=\"og:site_name\" content=\"Medincus Active\" \/>\n<meta property=\"article:modified_time\" content=\"2024-08-09T10:57:07+00:00\" \/>\n<meta name=\"twitter:card\" content=\"summary_large_image\" \/>\n<script type=\"application\/ld+json\" class=\"yoast-schema-graph\">{\"@context\":\"https:\/\/schema.org\",\"@graph\":[{\"@type\":\"WebPage\",\"@id\":\"https:\/\/medincusactive.pl\/en\/not-found\/\",\"url\":\"https:\/\/medincusactive.pl\/en\/not-found\/\",\"name\":\"404 - Medincus Active\",\"isPartOf\":{\"@id\":\"https:\/\/medincusactive.pl\/en\/#website\"},\"datePublished\":\"2024-07-02T10:32:36+00:00\",\"dateModified\":\"2024-08-09T10:57:07+00:00\",\"breadcrumb\":{\"@id\":\"https:\/\/medincusactive.pl\/en\/not-found\/#breadcrumb\"},\"inLanguage\":\"en-US\",\"potentialAction\":[{\"@type\":\"ReadAction\",\"target\":[\"https:\/\/medincusactive.pl\/en\/not-found\/\"]}]},{\"@type\":\"BreadcrumbList\",\"@id\":\"https:\/\/medincusactive.pl\/en\/not-found\/#breadcrumb\",\"itemListElement\":[{\"@type\":\"ListItem\",\"position\":1,\"name\":\"Strona g\u0142\u00f3wna\",\"item\":\"https:\/\/medincusactive.pl\/en\/\"},{\"@type\":\"ListItem\",\"position\":2,\"name\":\"404\"}]},{\"@type\":\"WebSite\",\"@id\":\"https:\/\/medincusactive.pl\/en\/#website\",\"url\":\"https:\/\/medincusactive.pl\/en\/\",\"name\":\"Medincus Active\",\"description\":\"Sp\u0119d\u017a z nami aktywnie sw\u00f3j czas\",\"publisher\":{\"@id\":\"https:\/\/medincusactive.pl\/en\/#organization\"},\"potentialAction\":[{\"@type\":\"SearchAction\",\"target\":{\"@type\":\"EntryPoint\",\"urlTemplate\":\"https:\/\/medincusactive.pl\/en\/?s={search_term_string}\"},\"query-input\":\"required name=search_term_string\"}],\"inLanguage\":\"en-US\"},{\"@type\":\"Organization\",\"@id\":\"https:\/\/medincusactive.pl\/en\/#organization\",\"name\":\"Medincus Active\",\"url\":\"https:\/\/medincusactive.pl\/en\/\",\"logo\":{\"@type\":\"ImageObject\",\"inLanguage\":\"en-US\",\"@id\":\"https:\/\/medincusactive.pl\/en\/#\/schema\/logo\/image\/\",\"url\":\"https:\/\/medincusactive.pl\/wp-content\/uploads\/2024\/05\/cropped-medincusactive.webp\",\"contentUrl\":\"https:\/\/medincusactive.pl\/wp-content\/uploads\/2024\/05\/cropped-medincusactive.webp\",\"width\":466,\"height\":133,\"caption\":\"Medincus Active\"},\"image\":{\"@id\":\"https:\/\/medincusactive.pl\/en\/#\/schema\/logo\/image\/\"}}]}<\/script>\n<!-- \/ Yoast SEO plugin. -->","yoast_head_json":{"title":"404 - Medincus Active","robots":{"index":"index","follow":"follow","max-snippet":"max-snippet:-1","max-image-preview":"max-image-preview:large","max-video-preview":"max-video-preview:-1"},"canonical":"https:\/\/medincusactive.pl\/en\/not-found\/","og_locale":"en_US","og_type":"article","og_title":"404 - Medincus Active","og_description":"404 NOT FOUND HOME","og_url":"https:\/\/medincusactive.pl\/en\/not-found\/","og_site_name":"Medincus Active","article_modified_time":"2024-08-09T10:57:07+00:00","twitter_card":"summary_large_image","schema":{"@context":"https:\/\/schema.org","@graph":[{"@type":"WebPage","@id":"https:\/\/medincusactive.pl\/en\/not-found\/","url":"https:\/\/medincusactive.pl\/en\/not-found\/","name":"404 - Medincus Active","isPartOf":{"@id":"https:\/\/medincusactive.pl\/en\/#website"},"datePublished":"2024-07-02T10:32:36+00:00","dateModified":"2024-08-09T10:57:07+00:00","breadcrumb":{"@id":"https:\/\/medincusactive.pl\/en\/not-found\/#breadcrumb"},"inLanguage":"en-US","potentialAction":[{"@type":"ReadAction","target":["https:\/\/medincusactive.pl\/en\/not-found\/"]}]},{"@type":"BreadcrumbList","@id":"https:\/\/medincusactive.pl\/en\/not-found\/#breadcrumb","itemListElement":[{"@type":"ListItem","position":1,"name":"Strona g\u0142\u00f3wna","item":"https:\/\/medincusactive.pl\/en\/"},{"@type":"ListItem","position":2,"name":"404"}]},{"@type":"WebSite","@id":"https:\/\/medincusactive.pl\/en\/#website","url":"https:\/\/medincusactive.pl\/en\/","name":"Medincus Active","description":"Sp\u0119d\u017a z nami aktywnie sw\u00f3j czas","publisher":{"@id":"https:\/\/medincusactive.pl\/en\/#organization"},"potentialAction":[{"@type":"SearchAction","target":{"@type":"EntryPoint","urlTemplate":"https:\/\/medincusactive.pl\/en\/?s={search_term_string}"},"query-input":"required name=search_term_string"}],"inLanguage":"en-US"},{"@type":"Organization","@id":"https:\/\/medincusactive.pl\/en\/#organization","name":"Medincus Active","url":"https:\/\/medincusactive.pl\/en\/","logo":{"@type":"ImageObject","inLanguage":"en-US","@id":"https:\/\/medincusactive.pl\/en\/#\/schema\/logo\/image\/","url":"https:\/\/medincusactive.pl\/wp-content\/uploads\/2024\/05\/cropped-medincusactive.webp","contentUrl":"https:\/\/medincusactive.pl\/wp-content\/uploads\/2024\/05\/cropped-medincusactive.webp","width":466,"height":133,"caption":"Medincus Active"},"image":{"@id":"https:\/\/medincusactive.pl\/en\/#\/schema\/logo\/image\/"}}]}},"_links":{"self":[{"href":"https:\/\/medincusactive.pl\/en\/wp-json\/wp\/v2\/pages\/5933"}],"collection":[{"href":"https:\/\/medincusactive.pl\/en\/wp-json\/wp\/v2\/pages"}],"about":[{"href":"https:\/\/medincusactive.pl\/en\/wp-json\/wp\/v2\/types\/page"}],"author":[{"embeddable":true,"href":"https:\/\/medincusactive.pl\/en\/wp-json\/wp\/v2\/users\/1"}],"replies":[{"embeddable":true,"href":"https:\/\/medincusactive.pl\/en\/wp-json\/wp\/v2\/comments?post=5933"}],"version-history":[{"count":5,"href":"https:\/\/medincusactive.pl\/en\/wp-json\/wp\/v2\/pages\/5933\/revisions"}],"predecessor-version":[{"id":8247,"href":"https:\/\/medincusactive.pl\/en\/wp-json\/wp\/v2\/pages\/5933\/revisions\/8247"}],"wp:attachment":[{"href":"https:\/\/medincusactive.pl\/en\/wp-json\/wp\/v2\/media?parent=5933"}],"curies":[{"name":"wp","href":"https:\/\/api.w.org\/{rel}","templated":true}]}}